{"id":8,"date":"2013-02-06T22:11:52","date_gmt":"2013-02-06T21:11:52","guid":{"rendered":"http:\/\/127.0.0.1\/autoentrepreneur\/?page_id=8"},"modified":"2013-02-27T15:08:20","modified_gmt":"2013-02-27T14:08:20","slug":"site-internet","status":"publish","type":"page","link":"http:\/\/www.vincent-grison.fr\/?page_id=8","title":{"rendered":"Site internet"},"content":{"rendered":"<div class=\"pf-content\"><ul>\n<li>Charte graphique : celle-ci est r\u00e9alis\u00e9e par notre partenaire<\/li>\n<\/ul>\n<ul>\n<li>Rubriques, contenu : r\u00e9alis\u00e9s par notre partenaire<\/li>\n<\/ul>\n<ul>\n<li>Partie technique r\u00e9alis\u00e9e par nos soins :\n<ul>\n<li>Choix d\u2019une plateforme technique<\/li>\n<li>Choix du prestataire g\u00e9rant le nom de domaine et l\u2019h\u00e9bergement<\/li>\n<li>Choix des fonctionnalit\u00e9s<\/li>\n<li>Choix des mots-cl\u00e9s pour le r\u00e9f\u00e9rencement et le positionnement dans les moteurs de recherche (aussi bien pour un nouveau site que pour un site existant)<\/li>\n<\/ul>\n<\/li>\n<\/ul>\n<p>&nbsp;<\/p>\n<p style=\"text-align: center;\"><strong>Co\u00fbt : pour un devis gratuit, nous consulter !<\/strong><\/p>\n<p style=\"text-align: center;\"><a href=\".\/wp-content\/uploads\/2013\/02\/web-globe-md.png\"><img loading=\"lazy\" class=\"aligncenter size-full wp-image-96\" alt=\"web-globe-md\" src=\".\/wp-content\/uploads\/2013\/02\/web-globe-md.png\" width=\"300\" height=\"300\" srcset=\"http:\/\/www.vincent-grison.fr\/wp-content\/uploads\/2013\/02\/web-globe-md.png 300w, http:\/\/www.vincent-grison.fr\/wp-content\/uploads\/2013\/02\/web-globe-md-150x150.png 150w, http:\/\/www.vincent-grison.fr\/wp-content\/uploads\/2013\/02\/web-globe-md-200x200.png 200w\" sizes=\"(max-width: 300px) 100vw, 300px\" \/><\/a><\/p>\n<p style=\"text-align: center;\"><span style=\"color: #800000;\">Si vous parrainez un nouveau client, vous b\u00e9n\u00e9ficierez d\u2019une r\u00e9duction de 20% sur votre prochaine facture !<\/span><\/p>\n<h5 style=\"text-align: center;\"><a href=\".\/?page_id=12\"><span style=\"color: #000080;\">Pour toute question, n&rsquo;h\u00e9sitez pas \u00e0 me contacter !<\/span><\/a><\/h5>\n<\/div>","protected":false},"excerpt":{"rendered":"<p>Charte graphique : celle-ci est r\u00e9alis\u00e9e par notre partenaire Rubriques, contenu : r\u00e9alis\u00e9s par notre partenaire Partie technique r\u00e9alis\u00e9e par nos soins : Choix d\u2019une plateforme technique Choix du prestataire g\u00e9rant le nom de domaine et l\u2019h\u00e9bergement Choix des fonctionnalit\u00e9s Choix des mots-cl\u00e9s pour le r\u00e9f\u00e9rencement et le positionnement dans les moteurs de recherche (aussi [&hellip;]<\/p>\n","protected":false},"author":1,"featured_media":0,"parent":0,"menu_order":0,"comment_status":"open","ping_status":"open","template":"","meta":[],"_links":{"self":[{"href":"http:\/\/www.vincent-grison.fr\/index.php?rest_route=\/wp\/v2\/pages\/8"}],"collection":[{"href":"http:\/\/www.vincent-grison.fr\/index.php?rest_route=\/wp\/v2\/pages"}],"about":[{"href":"http:\/\/www.vincent-grison.fr\/index.php?rest_route=\/wp\/v2\/types\/page"}],"author":[{"embeddable":true,"href":"http:\/\/www.vincent-grison.fr\/index.php?rest_route=\/wp\/v2\/users\/1"}],"replies":[{"embeddable":true,"href":"http:\/\/www.vincent-grison.fr\/index.php?rest_route=%2Fwp%2Fv2%2Fcomments&post=8"}],"version-history":[{"count":12,"href":"http:\/\/www.vincent-grison.fr\/index.php?rest_route=\/wp\/v2\/pages\/8\/revisions"}],"predecessor-version":[{"id":246,"href":"http:\/\/www.vincent-grison.fr\/index.php?rest_route=\/wp\/v2\/pages\/8\/revisions\/246"}],"wp:attachment":[{"href":"http:\/\/www.vincent-grison.fr\/index.php?rest_route=%2Fwp%2Fv2%2Fmedia&parent=8"}],"curies":[{"name":"wp","href":"https:\/\/api.w.org\/{rel}","templated":true}]}}