{"id":6,"date":"2013-02-06T22:10:12","date_gmt":"2013-02-06T21:10:12","guid":{"rendered":"http:\/\/127.0.0.1\/autoentrepreneur\/?page_id=6"},"modified":"2013-02-27T14:15:37","modified_gmt":"2013-02-27T13:15:37","slug":"formations","status":"publish","type":"page","link":"http:\/\/www.vincent-grison.fr\/?page_id=6","title":{"rendered":"Formations"},"content":{"rendered":"<div class=\"pf-content\"><div align=\"center\">\n<table width=\"824\" border=\"1\" cellspacing=\"0\" cellpadding=\"0\">\n<tbody>\n<tr>\n<td width=\"206\"><span style=\"color: #000000;\"><strong>Informatique g\u00e9n\u00e9rale<\/strong><\/span><\/td>\n<td width=\"618\">\n<ul>\n<li><span style=\"color: #000000;\">Apprentissage du clavier<\/span><\/li>\n<li><span style=\"color: #000000;\">Fonctionnement de Windows \/ Mac OS<\/span><\/li>\n<li><span style=\"color: #000000;\">Classer des documents (dossiers \/ fichiers)<\/span><\/li>\n<li><span style=\"color: #000000;\">Installation d\u2019un logiciel<\/span><\/li>\n<li><span style=\"color: #000000;\">Utiliser une cl\u00e9 usb, disque dur externe, etc\u2026<\/span><\/li>\n<li><span style=\"color: #000000;\">Installer un p\u00e9riph\u00e9rique externe<\/span><\/li>\n<\/ul>\n<\/td>\n<\/tr>\n<tr>\n<td width=\"206\"><span style=\"color: #000000;\"><strong>Bureautique<\/strong><\/span><\/td>\n<td width=\"618\">\n<ul>\n<li><span style=\"color: #000000;\">Traitement de texte (Word \/ Open Office Writer)<\/span>\n<ul>\n<li>Mise en page<\/li>\n<li>Tableaux<\/li>\n<li>Publipostage<\/li>\n<li>Images<\/li>\n<\/ul>\n<\/li>\n<li><span style=\"color: #000000;\">Tableur (Excel \/ Open Office Calc)<\/span>\n<ul>\n<li>Mise en page<\/li>\n<li>Formules de calculs<\/li>\n<li>Graphiques<\/li>\n<li>Tris \/ Filtres<\/li>\n<\/ul>\n<\/li>\n<li><span style=\"color: #000000;\">Diaporama (Powerpoint \/ Open Office Impress)<\/span>\n<ul>\n<li>Mise en page<\/li>\n<li>Animations<\/li>\n<li>Images<\/li>\n<li>Musique \/ Vid\u00e9os<\/li>\n<\/ul>\n<\/li>\n<\/ul>\n<\/td>\n<\/tr>\n<tr>\n<td width=\"206\"><span style=\"color: #000000;\"><strong>Utiliser internet<\/strong><\/span><\/td>\n<td width=\"618\">\n<ul>\n<li><span style=\"color: #000000;\">Optimiser vos recherches<\/span><\/li>\n<li><span style=\"color: #000000;\">Fonctionnement de votre navigateur internet (Firefox, Chrome, Op\u00e9ra, Safari, Internet Explorer)<\/span><\/li>\n<li><span style=\"color: #000000;\">Surfer en toute s\u00e9curit\u00e9<\/span><\/li>\n<li><span style=\"color: #000000;\">Paiement par Carte Bleue<\/span><\/li>\n<\/ul>\n<\/td>\n<\/tr>\n<tr>\n<td width=\"206\"><span style=\"color: #000000;\"><strong>Fonctionnement de votre t\u00e9l\u00e9phone portable\/tablette<\/strong><\/span><\/td>\n<td width=\"618\">\n<ul>\n<li><span style=\"color: #000000;\">Installation d\u2019applications<\/span><\/li>\n<li><span style=\"color: #000000;\">Fonctionnement de l\u2019\u00e9cran tactile<\/span><\/li>\n<li><span style=\"color: #000000;\">Envoyer des messages<\/span><\/li>\n<li><span style=\"color: #000000;\">Cr\u00e9er un r\u00e9pertoire t\u00e9l\u00e9phonique<\/span><\/li>\n<li><span style=\"color: #000000;\">Sauvegarder le contenu du t\u00e9l\u00e9phone<\/span><\/li>\n<\/ul>\n<\/td>\n<\/tr>\n<tr>\n<td width=\"206\"><span style=\"color: #000000;\"><strong>Photo num\u00e9rique<\/strong><\/span><\/td>\n<td width=\"618\">\n<ul>\n<li><span style=\"color: #000000;\">Transfert des images de votre appareil vers votre ordinateur<\/span><\/li>\n<li><span style=\"color: #000000;\">Classement des photos avec Picasa<\/span><\/li>\n<li><span style=\"color: #000000;\">Retouches photos avec Gimp<\/span><\/li>\n<li><span style=\"color: #000000;\">Cr\u00e9er un diaporama en ligne<\/span><\/li>\n<\/ul>\n<\/td>\n<\/tr>\n<tr>\n<td width=\"206\"><span style=\"color: #000000;\"><strong>Mails<\/strong><\/span><\/td>\n<td width=\"618\">\n<ul>\n<li><span style=\"color: #000000;\">Mise en page<\/span><\/li>\n<li><span style=\"color: #000000;\">Pi\u00e8ces jointes<\/span><\/li>\n<li><span style=\"color: #000000;\">Carnet d\u2019adresses mails<\/span><\/li>\n<li><span style=\"color: #000000;\">Mailing-list<\/span><\/li>\n<\/ul>\n<\/td>\n<\/tr>\n<tr>\n<td width=\"206\"><span style=\"color: #000000;\"><strong>R\u00e9seaux sociaux<\/strong><\/span><\/td>\n<td width=\"618\">\n<ul>\n<li><span style=\"color: #000000;\">Cr\u00e9ation et param\u00e9trage d\u2019un profil Facebook \/ Twitter<\/span><\/li>\n<li><span style=\"color: #000000;\">Publication de textes et photos<\/span><\/li>\n<li><span style=\"color: #000000;\">Identit\u00e9 num\u00e9rique et e-r\u00e9putation<\/span><\/li>\n<li><span style=\"color: #000000;\">Utilisation \u00e0 partir d\u2019un smartphone \/ d\u2019une tablette num\u00e9rique<\/span><\/li>\n<\/ul>\n<\/td>\n<\/tr>\n<\/tbody>\n<\/table>\n<\/div>\n<p><span style=\"color: #000000;\"> <\/span><\/p>\n<ul>\n<li style=\"text-align: justify;\"><span style=\"color: #000000;\">Des supports de cours sont mis \u00e0 disposition. Les formations sont faites chez le client. Un ordinateur portable wifi sous Windows 8 et Office 2010, ainsi qu\u2019un vid\u00e9o projecteur peuvent \u00eatre mis \u00e0 disposition.<\/span><\/li>\n<\/ul>\n<p><span style=\"color: #000000;\"> <\/span><\/p>\n<ul>\n<li><span style=\"color: #000000;\">Co\u00fbts incluant la formation et les supports de cours :<\/span><\/li>\n<\/ul>\n<blockquote>\n<ul>\n<li><span style=\"color: #000000;\">1h de formation : 30 euros<\/span><\/li>\n<li><span style=\"color: #000000;\">2h de formation : 50 euros<\/span><\/li>\n<li><span style=\"color: #000000;\">1\/2 journ\u00e9e de formation (3h30) : 75 euros<\/span><\/li>\n<li><span style=\"color: #000000;\">1 journ\u00e9e de formation (7h) : 120 euros<\/span><\/li>\n<\/ul>\n<\/blockquote>\n<p style=\"text-align: center;\"><span style=\"color: #800000;\">Si vous parrainez un nouveau client, vous b\u00e9n\u00e9ficierez d\u2019une r\u00e9duction de 20% sur votre prochaine facture !<\/span><\/p>\n<h5 style=\"text-align: center;\"><a href=\".\/?page_id=12\"><span style=\"color: #000080;\">Pour toute question, n&rsquo;h\u00e9sitez pas \u00e0 me contacter !<\/span><\/a><\/h5>\n<\/div>","protected":false},"excerpt":{"rendered":"<p>Informatique g\u00e9n\u00e9rale Apprentissage du clavier Fonctionnement de Windows \/ Mac OS Classer des documents (dossiers \/ fichiers) Installation d\u2019un logiciel Utiliser une cl\u00e9 usb, disque dur externe, etc\u2026 Installer un p\u00e9riph\u00e9rique externe Bureautique Traitement de texte (Word \/ Open Office Writer) Mise en page Tableaux Publipostage Images Tableur (Excel \/ Open Office Calc) Mise en [&hellip;]<\/p>\n","protected":false},"author":1,"featured_media":0,"parent":0,"menu_order":0,"comment_status":"open","ping_status":"open","template":"","meta":[],"_links":{"self":[{"href":"http:\/\/www.vincent-grison.fr\/index.php?rest_route=\/wp\/v2\/pages\/6"}],"collection":[{"href":"http:\/\/www.vincent-grison.fr\/index.php?rest_route=\/wp\/v2\/pages"}],"about":[{"href":"http:\/\/www.vincent-grison.fr\/index.php?rest_route=\/wp\/v2\/types\/page"}],"author":[{"embeddable":true,"href":"http:\/\/www.vincent-grison.fr\/index.php?rest_route=\/wp\/v2\/users\/1"}],"replies":[{"embeddable":true,"href":"http:\/\/www.vincent-grison.fr\/index.php?rest_route=%2Fwp%2Fv2%2Fcomments&post=6"}],"version-history":[{"count":6,"href":"http:\/\/www.vincent-grison.fr\/index.php?rest_route=\/wp\/v2\/pages\/6\/revisions"}],"predecessor-version":[{"id":241,"href":"http:\/\/www.vincent-grison.fr\/index.php?rest_route=\/wp\/v2\/pages\/6\/revisions\/241"}],"wp:attachment":[{"href":"http:\/\/www.vincent-grison.fr\/index.php?rest_route=%2Fwp%2Fv2%2Fmedia&parent=6"}],"curies":[{"name":"wp","href":"https:\/\/api.w.org\/{rel}","templated":true}]}}