{"id":11,"date":"2013-02-06T22:12:59","date_gmt":"2013-02-06T21:12:59","guid":{"rendered":"http:\/\/127.0.0.1\/autoentrepreneur\/?page_id=11"},"modified":"2013-02-27T15:07:25","modified_gmt":"2013-02-27T14:07:25","slug":"numerisation-audio-video","status":"publish","type":"page","link":"http:\/\/www.vincent-grison.fr\/?page_id=11","title":{"rendered":"Num\u00e9risation audio \/ vid\u00e9o"},"content":{"rendered":"<div class=\"pf-content\"><p><strong>Transfert d\u2019une cassette audio vers un CD audio<\/strong><\/p>\n<ul>\n<li>Num\u00e9risation sur ordinateur<\/li>\n<li>D\u00e9coupage des pistes audios<\/li>\n<li>Gravure sur CD audio<a href=\".\/wp-content\/uploads\/2013\/02\/cassette-audio.jpg\"><img loading=\"lazy\" class=\"alignright  wp-image-22\" alt=\"cassette-audio\" src=\".\/wp-content\/uploads\/2013\/02\/cassette-audio.jpg\" width=\"179\" height=\"113\" \/><\/a><\/li>\n<li>Test de la qualit\u00e9 audio<\/li>\n<li>Possibilit\u00e9 d\u2019une jaquette de CD avec notre partenaire<\/li>\n<li>Co\u00fbt : 10 euros par K7 (hors jaquette) incluant la fourniture du CD<br \/>\nTarif d\u00e9gressif \u00e0 partir de 10 K7 num\u00e9ris\u00e9es : 10% de remise<\/li>\n<\/ul>\n<p><strong>Transfert d\u2019une K7 vid\u00e9o vers un DVD vid\u00e9o<\/strong><\/p>\n<ul>\n<li>Num\u00e9risation sur ordinateur<\/li>\n<li>Cr\u00e9ation de menus DVD<\/li>\n<li>Possibilit\u00e9 de regrouper plusieurs K7 sur un DVD<a href=\".\/wp-content\/uploads\/2013\/02\/VHS-cassette.jpg\"><img loading=\"lazy\" class=\"alignright  wp-image-25\" alt=\"VHS-cassette\" src=\".\/wp-content\/uploads\/2013\/02\/VHS-cassette.jpg\" width=\"210\" height=\"140\" \/><\/a><\/li>\n<li>Possibilit\u00e9 de d\u00e9coupage vid\u00e9o<\/li>\n<li>Gravure sur DVD vid\u00e9o<\/li>\n<li>Test de la qualit\u00e9 audio\/vid\u00e9o<\/li>\n<li>Possibilit\u00e9 d\u2019une jaquette de DVD avec notre partenaire<\/li>\n<li>Co\u00fbt : 20 euros (hors jaquette) incluant la fourniture du DVD<br \/>\nTarif d\u00e9gressif \u00e0 partir de 5 cassettes num\u00e9ris\u00e9es : 10% de remise<\/li>\n<\/ul>\n<p style=\"text-align: center;\"><span style=\"color: #800000;\">Si vous parrainez un nouveau client, vous b\u00e9n\u00e9ficierez d\u2019une r\u00e9duction de 20% sur votre prochaine facture !<\/span><\/p>\n<h5 style=\"text-align: center;\"><a href=\".\/?page_id=12\"><span style=\"color: #000080;\">Pour toute question, n&rsquo;h\u00e9sitez pas \u00e0 me contacter !<\/span><\/a><\/h5>\n<\/div>","protected":false},"excerpt":{"rendered":"<p>Transfert d\u2019une cassette audio vers un CD audio Num\u00e9risation sur ordinateur D\u00e9coupage des pistes audios Gravure sur CD audio Test de la qualit\u00e9 audio Possibilit\u00e9 d\u2019une jaquette de CD avec notre partenaire Co\u00fbt : 10 euros par K7 (hors jaquette) incluant la fourniture du CD Tarif d\u00e9gressif \u00e0 partir de 10 K7 num\u00e9ris\u00e9es : 10% [&hellip;]<\/p>\n","protected":false},"author":1,"featured_media":0,"parent":0,"menu_order":0,"comment_status":"closed","ping_status":"closed","template":"","meta":[],"_links":{"self":[{"href":"http:\/\/www.vincent-grison.fr\/index.php?rest_route=\/wp\/v2\/pages\/11"}],"collection":[{"href":"http:\/\/www.vincent-grison.fr\/index.php?rest_route=\/wp\/v2\/pages"}],"about":[{"href":"http:\/\/www.vincent-grison.fr\/index.php?rest_route=\/wp\/v2\/types\/page"}],"author":[{"embeddable":true,"href":"http:\/\/www.vincent-grison.fr\/index.php?rest_route=\/wp\/v2\/users\/1"}],"replies":[{"embeddable":true,"href":"http:\/\/www.vincent-grison.fr\/index.php?rest_route=%2Fwp%2Fv2%2Fcomments&post=11"}],"version-history":[{"count":8,"href":"http:\/\/www.vincent-grison.fr\/index.php?rest_route=\/wp\/v2\/pages\/11\/revisions"}],"predecessor-version":[{"id":245,"href":"http:\/\/www.vincent-grison.fr\/index.php?rest_route=\/wp\/v2\/pages\/11\/revisions\/245"}],"wp:attachment":[{"href":"http:\/\/www.vincent-grison.fr\/index.php?rest_route=%2Fwp%2Fv2%2Fmedia&parent=11"}],"curies":[{"name":"wp","href":"https:\/\/api.w.org\/{rel}","templated":true}]}}