{"id":10,"date":"2013-02-06T22:12:28","date_gmt":"2013-02-06T21:12:28","guid":{"rendered":"http:\/\/127.0.0.1\/autoentrepreneur\/?page_id=10"},"modified":"2013-02-27T14:13:51","modified_gmt":"2013-02-27T13:13:51","slug":"depannage-maintenance","status":"publish","type":"page","link":"http:\/\/www.vincent-grison.fr\/?page_id=10","title":{"rendered":"D\u00e9pannage \/ Maintenance"},"content":{"rendered":"<div class=\"pf-content\"><p style=\"text-align: center;\"><span style=\"color: #800000;\">Si vous parrainez un nouveau client, vous b\u00e9n\u00e9ficierez d\u2019une r\u00e9duction de 20% sur votre prochaine facture !<\/span><\/p>\n<p style=\"text-align: justify;\"><strong><span style=\"color: #000000;\">Maintenance annuelle<\/span><\/strong><\/p>\n<p style=\"text-align: justify;\"><span style=\"color: #000000;\">Les maintenances annuelles vous permettent de b\u00e9n\u00e9ficier pendant un an de plusieurs v\u00e9rifications du bon fonctionnement de votre ordinateur (mises \u00e0 jour,  performances, suppression de virus, mise \u00e0 niveau de votre mat\u00e9riel), ainsi que de d\u00e9pannages \u00e0 distance et d\u2019interventions sur place en cas d\u2019urgence dans les 48h aux jours ouvr\u00e9s (du lundi au samedi).<\/span><\/p>\n<p style=\"text-align: justify;\">\n<table id=\"tablepress-1\" class=\"tablepress tablepress-id-1\">\n<thead>\n<tr class=\"row-1 odd\">\n\t<th class=\"column-1\">Maintenance Annuelle Basic<\/th><th class=\"column-2\">Maintenance Annuelle S\u00e9r\u00e9nit\u00e9<\/th>\n<\/tr>\n<\/thead>\n<tbody class=\"row-hover\">\n<tr class=\"row-2 even\">\n\t<td class=\"column-1\">\u2022\t2 v\u00e9rifications par an du bon fonctionnement de votre ordinateur<br \/>\n\u2022\t5h de d\u00e9pannage \u00e0 distance inclus<br \/>\n\u2022\tIntervention sur place dans les 48h en cas d\u2019urgence<br \/>\n<\/td><td class=\"column-2\">\u2022\t4 v\u00e9rifications par an du bon fonctionnement de votre ordinateur<br \/>\n\u2022\t10h de d\u00e9pannage \u00e0 distance inclus<br \/>\n\u2022\tIntervention sur place dans les 48h en cas d\u2019urgence<br \/>\n<\/td>\n<\/tr>\n<tr class=\"row-3 odd\">\n\t<td class=\"column-1\">Co\u00fbt : 144 euros\/an (12 euros \/ mois)<br \/>\nPayable en une fois, tous les trimestres ou tous les mois<br \/>\n<\/td><td class=\"column-2\">Co\u00fbt : 240 euros\/an (20 euros \/ mois)<br \/>\nPayable en une fois, tous les trimestres ou tous les mois<br \/>\n<\/td>\n<\/tr>\n<\/tbody>\n<\/table>\n<!-- #tablepress-1 from cache --><\/p>\n<p><span style=\"color: #000000;\"><strong>Maintenance \u00e0 l\u2019acte<\/strong><\/span><\/p>\n<p style=\"text-align: justify;\"><span style=\"color: #000000;\">Les maintenances \u00e0 l\u2019acte vous permettent de b\u00e9n\u00e9ficier d\u2019un diagnostic gratuit ainsi que d\u2019un d\u00e9pannage, d\u2019une installation, d\u2019une configuration, d\u2019une mise \u00e0 jour de vos ordinateurs, p\u00e9riph\u00e9riques, syst\u00e8mes d\u2019exploitation et logiciels. <b>Devis gratuit !<\/b><\/span><\/p>\n<ul>\n<li><span style=\"color: #000000;\"><span style=\"color: #000000;\"><span style=\"color: #000000;\"><em><strong>D\u00e9tection et \u00e9radication de virus et autres menaces de s\u00e9curit\u00e9 informatiques<\/strong><br \/>\n<span style=\"color: #800000;\">\n<table id=\"tablepress-2\" class=\"tablepress tablepress-id-2\">\n<tbody class=\"row-hover\">\n<tr class=\"row-1 odd\">\n\t<td class=\"column-1\">\u2022\tMettre \u00e0 l\u2019abri vos documents (textes, images, musiques, vid\u00e9os, mails, etc\u2026) par le biais d\u2019une sauvegarde sur un support externe<br \/>\n\u2022\tD\u00e9tecter et supprimer les virus et autres menaces informatiques<br \/>\n\u2022\tInstaller et\/ou mettre \u00e0 jour une solution de s\u00e9curit\u00e9<\/td><td class=\"column-2\">Co\u00fbt : 60 euros<\/td>\n<\/tr>\n<\/tbody>\n<\/table>\n<!-- #tablepress-2 from cache --><\/span><\/em><\/span><\/span><\/span><\/li>\n<li><span style=\"color: #000000;\"><em><strong>Optimisation \/ installation ordinateur<\/strong><\/em><\/span><br \/>\n<span style=\"color: #993300;\"><span style=\"color: #993300;\"> <em>\n<table id=\"tablepress-3\" class=\"tablepress tablepress-id-3\">\n<tbody class=\"row-hover\">\n<tr class=\"row-1 odd\">\n\t<td class=\"column-1\">\u2022\tVotre ordinateur est devenu tr\u00e8s lent ces derniers temps ou vous souhaitez l\u2019installation d\u2019un ordinateur ?<br \/>\n\u2022\tL\u2019optimisation de l\u2019ordinateur consiste \u00e0 le rendre plus performant : mises \u00e0 jour des logiciels et du syst\u00e8me d\u2019exploitation, nettoyage des fichiers et programmes inutiles, mise \u00e0 niveau mat\u00e9rielle<\/td><td class=\"column-2\">Co\u00fbt : 60 euros (20 euros en plus pour une installation)<\/td>\n<\/tr>\n<\/tbody>\n<\/table>\n<!-- #tablepress-3 from cache --><\/em><\/span><\/span><\/li>\n<li><span style=\"color: #000000;\"><em><strong>R\u00e9cup\u00e9ration des fichiers d\u2019un disque dur en panne<br \/>\n<\/strong><span style=\"color: #003300;\"><em>\n<table id=\"tablepress-4\" class=\"tablepress tablepress-id-4\">\n<tbody class=\"row-hover\">\n<tr class=\"row-1 odd\">\n\t<td class=\"column-1\">\u2022\tVotre disque dur ne r\u00e9pond plus ? <br \/>\n\u2022\tV\u00e9rification de la structure physique du disque dur<br \/>\n\u2022\tR\u00e9paration du disque dur<br \/>\n\u2022\tSauvegarde des donn\u00e9es sur un support externe<\/td><td class=\"column-2\">Co\u00fbt : 80 euros<\/td>\n<\/tr>\n<\/tbody>\n<\/table>\n<!-- #tablepress-4 from cache --><\/em><\/span><\/em><\/span><\/li>\n<li><span style=\"color: #000000;\"><em><strong>Installation et configuration d&rsquo;un p\u00e9riph\u00e9rique externe<\/strong><br \/>\n<span style=\"color: #333399;\"><em><em>\n<table id=\"tablepress-5\" class=\"tablepress tablepress-id-5\">\n<tbody class=\"row-hover\">\n<tr class=\"row-1 odd\">\n\t<td class=\"column-1\">\u2022\tVous venez d\u2019acheter un p\u00e9riph\u00e9rique externe (imprimante, scanner, etc\u2026) ou vous souhaitez \u00eatre conseill\u00e9(e) pour l\u2019achat d\u2019un nouveau p\u00e9riph\u00e9rique externe<br \/>\n\u2022\tConfiguration et initiation \u00e0 l\u2019utilisation du produit<\/td><td class=\"column-2\">Co\u00fbt : 45 euros (hors p\u00e9riph\u00e9rique factur\u00e9 en suppl\u00e9ment)<\/td>\n<\/tr>\n<\/tbody>\n<\/table>\n<!-- #tablepress-5 from cache --><\/em><\/em><\/span><\/em><\/span><\/li>\n<li><span style=\"color: #000000;\"><span style=\"color: #000000;\"><span style=\"color: #000000;\"><strong><em>Changement et installation d&rsquo;un composant interne d&rsquo;ordinateur<br \/>\n<\/em><\/strong><span style=\"color: #ff6600;\"><em><em><em><em>\n<table id=\"tablepress-6\" class=\"tablepress tablepress-id-6\">\n<tbody class=\"row-hover\">\n<tr class=\"row-1 odd\">\n\t<td class=\"column-1\">\u2022\tL\u2019un des composants de votre ordinateur (disque dur, carte graphique, etc\u2026) est en panne ?<br \/>\n\u2022\tInstallation du nouveau composant dans l\u2019ordinateur<br \/>\n\u2022\tConfiguration dudit composant dans le syst\u00e8me d\u2019exploitation<\/td><td class=\"column-2\">Co\u00fbt : 50 euros (hors composant factur\u00e9 en suppl\u00e9ment)<\/td>\n<\/tr>\n<\/tbody>\n<\/table>\n<!-- #tablepress-6 from cache --><\/em><\/em><\/em><\/em><\/span><\/span><\/span><\/span><\/li>\n<li><span style=\"color: #000000;\"><em><strong>Installation d\u2019une offre internet<\/strong><br \/>\n<span style=\"color: #000000;\"><em><em><em><em>\n<table id=\"tablepress-7\" class=\"tablepress tablepress-id-7\">\n<tbody class=\"row-hover\">\n<tr class=\"row-1 odd\">\n\t<td class=\"column-1\">\u2022\tVous venez de souscrire \u00e0 une offre internet\/t\u00e9l\u00e9phone\/t\u00e9l\u00e9 ou souhaitez \u00eatre conseill\u00e9 pour une offre ?<br \/>\n\u2022\tInstallation de la box, du d\u00e9codeur t\u00e9l\u00e9 et du service de t\u00e9l\u00e9phonie<br \/>\n\u2022\tInitiation \u00e0 l\u2019utilisation du mat\u00e9riel et des services<\/td><td class=\"column-2\">Co\u00fbt : 45 euros<\/td>\n<\/tr>\n<\/tbody>\n<\/table>\n<!-- #tablepress-7 from cache --><\/em><\/em><\/em><\/em><\/span><\/em><\/span><\/li>\n<li><span style=\"color: #000000;\"><em><span style=\"color: #000000;\"><strong>Appel \u00e0 un service client\u00e8le<\/strong><\/span><br \/>\n<span style=\"color: #666699;\"><em><em><em><em><em>\n<table id=\"tablepress-8\" class=\"tablepress tablepress-id-8\">\n<tbody class=\"row-hover\">\n<tr class=\"row-1 odd\">\n\t<td class=\"column-1\">\u2022\tVotre dossier est bloqu\u00e9 chez un op\u00e9rateur internet ou de t\u00e9l\u00e9phonie mobile ?<br \/>\n\u2022\tAppel au service client\u00e8le de l\u2019op\u00e9rateur concern\u00e9 afin de d\u00e9bloquer le dossier et trouver une solution technique<\/td><td class=\"column-2\">Co\u00fbt : 30 euros (hors \u00e9ventuelles communications t\u00e9l\u00e9phoniques)<\/td>\n<\/tr>\n<\/tbody>\n<\/table>\n<!-- #tablepress-8 from cache --><\/em><\/em><\/em><\/em><\/em><\/span><br \/>\n<\/em><\/span><\/li>\n<\/ul>\n<h5 style=\"text-align: center;\"><a href=\".\/?page_id=12\"><span style=\"color: #000080;\">Pour toute question, n&rsquo;h\u00e9sitez pas \u00e0 me contacter !<\/span><\/a><\/h5>\n<\/div>","protected":false},"excerpt":{"rendered":"<p>Si vous parrainez un nouveau client, vous b\u00e9n\u00e9ficierez d\u2019une r\u00e9duction de 20% sur votre prochaine facture ! Maintenance annuelle Les maintenances annuelles vous permettent de b\u00e9n\u00e9ficier pendant un an de plusieurs v\u00e9rifications du bon fonctionnement de votre ordinateur (mises \u00e0 jour, performances, suppression de virus, mise \u00e0 niveau de votre mat\u00e9riel), ainsi que de d\u00e9pannages [&hellip;]<\/p>\n","protected":false},"author":1,"featured_media":0,"parent":0,"menu_order":0,"comment_status":"open","ping_status":"open","template":"","meta":[],"_links":{"self":[{"href":"http:\/\/www.vincent-grison.fr\/index.php?rest_route=\/wp\/v2\/pages\/10"}],"collection":[{"href":"http:\/\/www.vincent-grison.fr\/index.php?rest_route=\/wp\/v2\/pages"}],"about":[{"href":"http:\/\/www.vincent-grison.fr\/index.php?rest_route=\/wp\/v2\/types\/page"}],"author":[{"embeddable":true,"href":"http:\/\/www.vincent-grison.fr\/index.php?rest_route=\/wp\/v2\/users\/1"}],"replies":[{"embeddable":true,"href":"http:\/\/www.vincent-grison.fr\/index.php?rest_route=%2Fwp%2Fv2%2Fcomments&post=10"}],"version-history":[{"count":27,"href":"http:\/\/www.vincent-grison.fr\/index.php?rest_route=\/wp\/v2\/pages\/10\/revisions"}],"predecessor-version":[{"id":28,"href":"http:\/\/www.vincent-grison.fr\/index.php?rest_route=\/wp\/v2\/pages\/10\/revisions\/28"}],"wp:attachment":[{"href":"http:\/\/www.vincent-grison.fr\/index.php?rest_route=%2Fwp%2Fv2%2Fmedia&parent=10"}],"curies":[{"name":"wp","href":"https:\/\/api.w.org\/{rel}","templated":true}]}}